{"id":670,"date":"2021-06-17T10:26:39","date_gmt":"2021-06-17T08:26:39","guid":{"rendered":"http:\/\/www.prototype.atelierarchelle.fr\/?page_id=670"},"modified":"2021-06-17T12:01:24","modified_gmt":"2021-06-17T10:01:24","slug":"mentions-legales","status":"publish","type":"page","link":"https:\/\/atelierarchelle.fr\/index.php\/mentions-legales\/","title":{"rendered":"MENTIONS L\u00c9GALES"},"content":{"rendered":"\t\t<div data-elementor-type=\"wp-page\" data-elementor-id=\"670\" class=\"elementor elementor-670\" data-elementor-settings=\"[]\">\n\t\t\t\t\t\t\t<div class=\"elementor-section-wrap\">\n\t\t\t\t\t\t\t<section class=\"elementor-section elementor-top-section elementor-element elementor-element-af71e99 elementor-section-boxed elementor-section-height-default elementor-section-height-default\" data-id=\"af71e99\" data-element_type=\"section\">\n\t\t\t\t\t\t<div class=\"elementor-container elementor-column-gap-default\">\n\t\t\t\t\t<div class=\"elementor-column elementor-col-100 elementor-top-column elementor-element elementor-element-76d74ab\" data-id=\"76d74ab\" data-element_type=\"column\">\n\t\t\t<div class=\"elementor-widget-wrap elementor-element-populated\">\n\t\t\t\t\t\t\t\t<div class=\"elementor-element elementor-element-2e8c3fe elementor-widget elementor-widget-text-editor\" data-id=\"2e8c3fe\" data-element_type=\"widget\" data-widget_type=\"text-editor.default\">\n\t\t\t\t<div class=\"elementor-widget-container\">\n\t\t\t\t\t\t\t<div class=\"gs\"><div class=\"\"><div id=\":nb\" class=\"ii gt\"><div id=\":na\" class=\"a3s aiL \"><p>Merci de lire avec attention les diff\u00e9rentes modalit\u00e9s d\u2019utilisation du pr\u00e9sent site avant d\u2019y parcourir ses pages. En vous connectant sur ce site, vous acceptez sans r\u00e9serves les pr\u00e9sentes modalit\u00e9s.\u00a0Aussi, conform\u00e9ment \u00e0 l\u2019article n\u00b06 de la Loi n\u00b02004-575 du 21 Juin 2004 pour la confiance dans l\u2019\u00e9conomie num\u00e9rique, les responsables du pr\u00e9sent site internet <a href=\"&lt;a href=\" target=\"_blank\" rel=\"noopener noreferrer\" data-saferedirecturl=\"https:\/\/www.google.com\/url?q=http:\/\/www.atelierarchelle.fr&amp;source=gmail&amp;ust=1624009622149000&amp;usg=AFQjCNHftdVNuO0mtgNi0pD_XRl0lEZM5Q\">http:\/\/www.atelierarchel<wbr \/>le.fr<\/a>\u00a0sont :<\/p><p style=\"color: #b51a00;\"><span style=\"color: #000000;\"><b>Editeur du Site :\u00a0<\/b><\/span><\/p><p>Emilie ROUILLON<br \/>Raison sociale :ROUILLON EMILIE <br \/>Enseigne :ATELIER VANNERIE ARTISANALE <br \/>Num\u00e9ro Siren : 453380362 <br \/>Num\u00e9ro Siret : 45338036200021 (si\u00e8ge de l&rsquo;entreprise) <br \/>Num\u00e9ro TVA intracommunautaire :FR17453380362 <br \/>Greffe :RCS Aubenas Code NAF \/ APE :1629Z (fabrication d&rsquo;objets divers en bois ; fabrication d&rsquo;objets en li\u00e8ge, vannerie et sparterie) <br \/>Forme juridique :Entrepreneur individuel <br \/>Date d&rsquo;immatriculation :15\/05\/2004 <br \/>Type d&rsquo;entrepreneur :Artisan Commune d&rsquo;implantation : Sarras (Ard\u00e8che)<br \/><br \/>Responsable \u00e9ditoriale : Emilie ROUILLON<br \/>Hameau de Chalavouze 309 route du Bois Seigneur 07370 Sarras<br \/>T\u00e9l\u00e9phone\u00a0:06 75 62 53 00 &#8211; Fax\u00a0: 0675625300<br \/>Email :\u00a0<a href=\"mailto:atelierarchelle07@gmail.com\" target=\"_blank\" rel=\"noopener\">atelierarchelle07@gmail.com<\/a><br \/>Site Web : <a href=\"&lt;a href=\" target=\"_blank\" rel=\"noopener noreferrer\" data-saferedirecturl=\"https:\/\/www.google.com\/url?q=http:\/\/www.atelierarchelle.fr&amp;source=gmail&amp;ust=1624009622149000&amp;usg=AFQjCNHftdVNuO0mtgNi0pD_XRl0lEZM5Q\">http:\/\/www.atelierarchel<wbr \/>le.fr<\/a><\/p><p style=\"color: #b51a00;\"><b><span style=\"color: #000000;\">H\u00e9bergement :<\/span>\u00a0<\/b><\/p><p>H\u00e9bergeur\u00a0: SAS au capital de 10 069 020 \u20ac RCS Lille M\u00e9tropole 424 761 419 00045 <br \/>Code APE 2620Z N\u00b0 TVA : FR 22 424 761 419 <br \/>Si\u00e8ge social : 2 rue Kellermann &#8211; 59100 Roubaix &#8211; France <br \/>Directeur de la publication : Octave KLABA \/ Pr\u00e9sident : Henryk KLABA \/ Directeur g\u00e9n\u00e9ral : Miroslaw KLABA \/ Directeur g\u00e9n\u00e9ral d\u00e9l\u00e9gu\u00e9 : Octave KLABA \/ Directeur g\u00e9n\u00e9ral d\u00e9l\u00e9gu\u00e9 : Halina KLABA<br \/>OVH Groupe SAS, soci\u00e9t\u00e9 immatricul\u00e9e au RCS de Lille sous le num\u00e9ro 537 407 926 sise 2, rue Kellermann, 59100 Roubaix<br \/>Site Web :\u00a0 <a href=\"http:\/\/&lt;a href=\" target=\"_blank\" rel=\"noopener noreferrer\" data-saferedirecturl=\"https:\/\/www.google.com\/url?q=https:\/\/www.ovh.com\/fr\/&amp;source=gmail&amp;ust=1624009622149000&amp;usg=AFQjCNHMTgIwExcFo5XYHCnBdlDwW3px_g\">https:\/\/www.ovh.c<wbr \/>om\/fr\/<\/a><\/p><p style=\"color: #b51a00;\"><span style=\"color: #000000;\"><b>D\u00e9veloppement<\/b><b> :\u00a0<\/b><\/span><\/p><p>Emilie ROUILLON<br \/>Adresse :\u00a0Hameau de Chalavouze, 309 Route du Bois Seigneur 07370 SARRAS<br \/>Site Web : <a href=\"&lt;a href=\" target=\"_blank\" rel=\"noopener noreferrer\" data-saferedirecturl=\"https:\/\/www.google.com\/url?q=http:\/\/www.atelierarchelle.fr&amp;source=gmail&amp;ust=1624009622149000&amp;usg=AFQjCNHftdVNuO0mtgNi0pD_XRl0lEZM5Q\">http:\/\/www.atelierarchel<wbr \/>le.fr<\/a>\u00ab\u00a0<\/p><p style=\"color: #b51a00;\"><span style=\"color: #000000;\"><b>Conditions d\u2019utilisation :\u00a0<\/b><\/span><\/p><p>Ce site <a href=\"&lt;a href=\" target=\"_blank\" rel=\"noopener noreferrer\" data-saferedirecturl=\"https:\/\/www.google.com\/url?q=http:\/\/www.atelierarchelle.fr&amp;source=gmail&amp;ust=1624009622149000&amp;usg=AFQjCNHftdVNuO0mtgNi0pD_XRl0lEZM5Q\">http:\/\/www.atelierarchel<wbr \/>le.fr <\/a>est propos\u00e9 en diff\u00e9rents langages web (HTML, HTML5, Javascript, CSS, etc\u2026) pour un meilleur confort d&rsquo;utilisation et un graphisme plus agr\u00e9able, nous vous recommandons de recourir \u00e0 des navigateurs modernes comme Internet explorer, Safari, Firefox, Google Chrome, etc\u2026<br \/>Les mentions l\u00e9gales ont \u00e9t\u00e9 g\u00e9n\u00e9r\u00e9es sur le site <a title=\"g\u00e9n\u00e9rateur de mentions l\u00e9gales pour site internet gratuit\" href=\"&lt;a href=\" target=\"_blank\" rel=\"noopener noreferrer\" data-saferedirecturl=\"https:\/\/www.google.com\/url?q=http:\/\/www.generateur-de-mentions-legales.com&amp;source=gmail&amp;ust=1624009622149000&amp;usg=AFQjCNHfSCmLJ1iplvrnTn1xS67NBfl5EA\">http:\/\/www.generateur-de<wbr \/>-mentions-legales.com<\/a>\u00a0: G\u00e9n\u00e9rat<wbr \/>eur de mentions l\u00e9gales, offert par <a title=\"imprimerie paris, imprimeur paris\" href=\"&lt;a href=\" target=\"_blank\" rel=\"noopener noreferrer\" data-saferedirecturl=\"https:\/\/www.google.com\/url?q=http:\/\/welye.com&amp;source=gmail&amp;ust=1624009622149000&amp;usg=AFQjCNFkYeP0V0DeVd9xT7rxvpoK9IzNvQ\">http:\/\/welye.com<\/a><\/p><p><span style=\"color: #323333;\">Emilie ROUILLON<b>\u00a0<\/b><\/span>met en \u0153uvre tous les moyens dont elle dispose, pour assurer une information fiable et une mise \u00e0 jour fiable de ses sites internet. Toutefois, des erreurs ou omissions peuvent survenir. L&rsquo;internaute devra donc s&rsquo;assurer de l&rsquo;exactitude des informations aupr\u00e8s de , et signaler toutes modifications du site qu&rsquo;il jugerait utile. n&rsquo;est en aucun cas responsable de l&rsquo;utilisation faite de ces informations, et de tout pr\u00e9judice direct ou indirect pouvant en d\u00e9couler.<\/p><p><b>Cookies<\/b> :<\/p><p>Le site <a href=\"&lt;a href=\" target=\"_blank\" rel=\"noopener noreferrer\" data-saferedirecturl=\"https:\/\/www.google.com\/url?q=http:\/\/www.atelierarchelle.fr&amp;source=gmail&amp;ust=1624009622149000&amp;usg=AFQjCNHftdVNuO0mtgNi0pD_XRl0lEZM5Q\">http:\/\/www.atelierarchel<wbr \/>le.fr<\/a>peut-\u00eatre amen\u00e9 \u00e0 vous demander l\u2019acceptation des cookies pour des besoins de statistiques et d&rsquo;affichage. Un cookies est une information d\u00e9pos\u00e9e sur votre disque dur par le serveur du site que vous visitez. Il contient plusieurs donn\u00e9es qui sont stock\u00e9es sur votre ordinateur dans un simple fichier texte auquel un serveur acc\u00e8de pour lire et enregistrer des informations . Certaines parties de ce site ne peuvent \u00eatre fonctionnelles sans l\u2019acceptation de cookies.<\/p><p><b>Liens hypertextes :<\/b><\/p><p>Les sites internet de peuvent offrir des liens vers d\u2019autres sites internet ou d\u2019autres ressources disponibles sur Internet. Emilie ROUILLON\u00a0ne dispose d&rsquo;aucun moyen pour contr\u00f4ler les sites en connexion avec ses sites internet. ne r\u00e9pond pas de la disponibilit\u00e9 de tels sites et sources externes, ni ne la garantit. Elle ne peut \u00eatre tenue pour responsable de tout dommage, de quelque nature que ce soit, r\u00e9sultant du contenu de ces sites ou sources externes, et notamment des informations, produits ou services qu\u2019ils proposent, ou de tout usage qui peut \u00eatre fait de ces \u00e9l\u00e9ments. Les risques li\u00e9s \u00e0 cette utilisation incombent pleinement \u00e0 l&rsquo;internaute, qui doit se conformer \u00e0 leurs conditions d&rsquo;utilisation.<\/p><p>Les utilisateurs, les abonn\u00e9s et les visiteurs des sites internet de ne peuvent mettre en place un hyperlien en direction de ce site sans l&rsquo;autorisation expresse et pr\u00e9alable de Emilie ROUILLON.<\/p><p>Dans l&rsquo;hypoth\u00e8se o\u00f9 un utilisateur ou visiteur souhaiterait mettre en place un hyperlien en direction d\u2019un des sites internet de Emilie ROUILLON, il lui appartiendra d&rsquo;adresser un email accessible sur le site afin de formuler sa demande de mise en place d&rsquo;un hyperlien. Emilie ROUILLON se r\u00e9serve le droit d\u2019accepter ou de refuser un hyperlien sans avoir \u00e0 en justifier sa d\u00e9cision.<\/p><p style=\"color: #b51a00;\"><span style=\"color: #000000;\"><b>Services fournis :\u00a0<\/b><\/span><\/p><p style=\"color: #323333;\">L&rsquo;ensemble des activit\u00e9s de la soci\u00e9t\u00e9 ainsi que ses informations sont pr\u00e9sent\u00e9s sur notre site <a href=\"&lt;a href=\" target=\"_blank\" rel=\"noopener noreferrer\" data-saferedirecturl=\"https:\/\/www.google.com\/url?q=http:\/\/www.atelierarchelle.fr&amp;source=gmail&amp;ust=1624009622149000&amp;usg=AFQjCNHftdVNuO0mtgNi0pD_XRl0lEZM5Q\">http:\/\/www.atelierarchel<wbr \/>le.fr<\/a>.<\/p><p style=\"color: #323333;\">Emilie ROUILLON\u00a0s\u2019efforce de fournir sur le site\u00a0<a href=\"http:\/\/www.atelierarchelle.fr\/\" target=\"_blank\" rel=\"noopener noreferrer\" data-saferedirecturl=\"https:\/\/www.google.com\/url?q=http:\/\/www.atelierarchelle.fr&amp;source=gmail&amp;ust=1624009622149000&amp;usg=AFQjCNHftdVNuO0mtgNi0pD_XRl0lEZM5Q\">www.atelierarchelle.fr<\/a>\u00a0de<wbr \/>s informations aussi pr\u00e9cises que possible. les renseignements figurant sur le site <a href=\"&lt;a href=\" target=\"_blank\" rel=\"noopener noreferrer\" data-saferedirecturl=\"https:\/\/www.google.com\/url?q=http:\/\/www.atelierarchelle.fr&amp;source=gmail&amp;ust=1624009622149000&amp;usg=AFQjCNHftdVNuO0mtgNi0pD_XRl0lEZM5Q\">http:\/\/www.atelierarchel<wbr \/>le.fr<\/a>\u00a0ne sont pas exhaustifs et les photos non contractuelles. Ils sont donn\u00e9s sous r\u00e9serve de modifications ayant \u00e9t\u00e9 apport\u00e9es depuis leur mise en ligne. Par ailleurs, tous les informations indiqu\u00e9es sur le site\u00a0<a href=\"http:\/\/www.atelierarchelle.fr\/\" target=\"_blank\" rel=\"noopener noreferrer\" data-saferedirecturl=\"https:\/\/www.google.com\/url?q=http:\/\/www.atelierarchelle.fr&amp;source=gmail&amp;ust=1624009622149000&amp;usg=AFQjCNHftdVNuO0mtgNi0pD_XRl0lEZM5Q\">www.atelierarchelle.fr<\/a><b>\u00a0<\/b>sont donn\u00e9es \u00e0 titre indicatif, et sont susceptibles de changer ou d\u2019\u00e9voluer sans pr\u00e9avis.<\/p><p style=\"color: #b51a00;\"><span style=\"color: #000000;\"><b>Limitation contractuelles sur les donn\u00e9es :\u00a0<\/b><\/span><\/p><p>Les informations contenues sur ce site sont aussi pr\u00e9cises que possible et le site remis \u00e0 jour \u00e0 diff\u00e9rentes p\u00e9riodes de l\u2019ann\u00e9e, mais peut toutefois contenir des inexactitudes ou des omissions. Si vous constatez une lacune, erreur ou ce qui parait \u00eatre un dysfonctionnement, merci de bien vouloir le signaler par email, \u00e0 l\u2019adresse\u00a0<a href=\"mailto:atelierarchelle07@gmail.com\" target=\"_blank\" rel=\"noopener\">atelierarchelle07@gmail.com<\/a>, en d\u00e9crivant le probl\u00e8me de la mani\u00e8re la plus pr\u00e9cise possible (page posant probl\u00e8me, type d\u2019ordinateur et de navigateur utilis\u00e9, \u2026).<\/p><p>Tout contenu t\u00e9l\u00e9charg\u00e9 se fait aux risques et p\u00e9rils de l&rsquo;utilisateur et sous sa seule responsabilit\u00e9. En cons\u00e9quence, ne saurait \u00eatre tenu responsable d&rsquo;un quelconque dommage subi par l&rsquo;ordinateur de l&rsquo;utilisateur ou d&rsquo;une quelconque perte de donn\u00e9es cons\u00e9cutives au t\u00e9l\u00e9chargement. <span style=\"color: #323333;\">De plus, l\u2019utilisateur du site s\u2019engage \u00e0 acc\u00e9der au site en utilisant un mat\u00e9riel r\u00e9cent, ne contenant pas de virus et avec un navigateur de derni\u00e8re g\u00e9n\u00e9ration mis-\u00e0-jour<\/span><\/p><p>Les liens hypertextes mis en place dans le cadre du pr\u00e9sent site internet en direction d&rsquo;autres ressources pr\u00e9sentes sur le r\u00e9seau Internet ne sauraient engager la responsabilit\u00e9 de Emilie ROUILLON.<\/p><p style=\"color: #b51a00;\"><span style=\"color: #000000;\"><b>Propri\u00e9t\u00e9 intellectuelle :<\/b><\/span><\/p><p>Tout le contenu du pr\u00e9sent sur le site\u00a0<a href=\"&lt;a href=\" target=\"_blank\" rel=\"noopener noreferrer\" data-saferedirecturl=\"https:\/\/www.google.com\/url?q=http:\/\/www.atelierarchelle.fr&amp;source=gmail&amp;ust=1624009622150000&amp;usg=AFQjCNGdS1gvEBwSe3krFnLVz3zloTHW7w\">http:\/\/www.atelierarchel<wbr \/>le.fr<\/a>, incluant, de fa\u00e7on non limitative, les graphismes, images, textes, vid\u00e9os, animations, sons, logos, gifs et ic\u00f4nes ainsi que leur mise en forme sont la propri\u00e9t\u00e9 exclusive de la soci\u00e9t\u00e9 \u00e0 l&rsquo;exception des marques, logos ou contenus appartenant \u00e0 d&rsquo;autres soci\u00e9t\u00e9s partenaires ou auteurs.<\/p><p>Toute reproduction, distribution, modification, adaptation, retransmission ou publication, m\u00eame partielle, de ces diff\u00e9rents \u00e9l\u00e9ments est strictement interdite sans l&rsquo;accord expr\u00e8s par \u00e9crit de Emilie ROUILLON. Cette repr\u00e9sentation ou reproduction, par quelque proc\u00e9d\u00e9 que ce soit, constitue une contrefa\u00e7on sanctionn\u00e9e par les articles L.335-2 et suivants du Code de la propri\u00e9t\u00e9 intellectuelle. Le non-respect de cette interdiction constitue une contrefa\u00e7on pouvant engager la responsabilit\u00e9 civile et p\u00e9nale du contrefacteur. En outre, les propri\u00e9taires des Contenus copi\u00e9s pourraient intenter une action en justice \u00e0 votre encontre.<\/p><p style=\"color: #b51a00;\"><span style=\"color: #000000;\"><b>D\u00e9claration \u00e0 la CNIL :\u00a0<\/b><\/span><\/p><p>Conform\u00e9ment \u00e0 la loi 78-17 du 6 janvier 1978 (modifi\u00e9e par la loi 2004-801 du 6 ao\u00fbt 2004 relative \u00e0 la protection des personnes physiques \u00e0 l&rsquo;\u00e9gard des traitements de donn\u00e9es \u00e0 caract\u00e8re personnel) relative \u00e0 l&rsquo;informatique, aux fichiers et aux libert\u00e9s, ce site a fait l&rsquo;objet d&rsquo;une d\u00e9claration\u00a0 aupr\u00e8s de la Commission nationale de l&rsquo;informatique et des libert\u00e9s <a href=\"&lt;a href=\" target=\"_blank\" rel=\"noopener noreferrer\" data-saferedirecturl=\"https:\/\/www.google.com\/url?q=http:\/\/www.cnil.fr\/&amp;source=gmail&amp;ust=1624009622150000&amp;usg=AFQjCNExnyyMSMY0NdLPp2z8yx4qsWL3UA\">http:\/\/www.cnil.fr\/<\/a><\/p><p style=\"color: #b51a00;\"><span style=\"color: #000000;\"><b>Litiges :\u00a0<\/b><\/span><\/p><p>Les pr\u00e9sentes conditions du site <a href=\"&lt;a href=\" target=\"_blank\" rel=\"noopener noreferrer\" data-saferedirecturl=\"https:\/\/www.google.com\/url?q=http:\/\/www.atelierarchelle.fr&amp;source=gmail&amp;ust=1624009622150000&amp;usg=AFQjCNGdS1gvEBwSe3krFnLVz3zloTHW7w\">http:\/\/www.atelierarchel<wbr \/>le.fr<\/a>sont r\u00e9gies par les lois fran\u00e7aises et toute contestation ou litiges qui pourraient na\u00eetre de l&rsquo;interpr\u00e9tation ou de l&rsquo;ex\u00e9cution de celles-ci seront de la comp\u00e9tence exclusive des tribunaux dont d\u00e9pend le si\u00e8ge social de la soci\u00e9t\u00e9. La langue de r\u00e9f\u00e9rence, pour le r\u00e8glement de contentieux \u00e9ventuels, est le fran\u00e7ais.<\/p><p style=\"color: #b51a00;\"><span style=\"color: #000000;\"><b>Donn\u00e9es personnelles :<\/b><\/span><\/p><p>De mani\u00e8re g\u00e9n\u00e9rale, vous n\u2019\u00eates pas tenu de nous communiquer vos donn\u00e9es personnelles lorsque vous visitez notre site Internet <a href=\"&lt;a href=\" target=\"_blank\" rel=\"noopener noreferrer\" data-saferedirecturl=\"https:\/\/www.google.com\/url?q=http:\/\/www.atelierarchelle.fr&amp;source=gmail&amp;ust=1624009622150000&amp;usg=AFQjCNGdS1gvEBwSe3krFnLVz3zloTHW7w\">http:\/\/www.atelierarchel<wbr \/>le.fr<\/a><\/p><p>Cependant, ce principe comporte certaines exceptions. En effet, pour certains services propos\u00e9s par notre site, vous pouvez \u00eatre amen\u00e9s \u00e0 nous communiquer certaines donn\u00e9es telles que\u00a0: votre nom, votre fonction, le nom de votre soci\u00e9t\u00e9, votre adresse \u00e9lectronique, et votre num\u00e9ro de t\u00e9l\u00e9phone. Tel est le cas lorsque vous remplissez le formulaire qui vous est propos\u00e9 en ligne, dans la rubrique \u00ab\u00a0contact\u00a0\u00bb. Dans tous les cas, vous pouvez refuser de fournir vos donn\u00e9es personnelles. Dans ce cas, vous ne pourrez pas utiliser les services du site, notamment celui de solliciter des renseignements sur notre soci\u00e9t\u00e9, ou de recevoir les lettres d\u2019information.<\/p><p>Enfin, nous pouvons collecter de mani\u00e8re automatique certaines informations vous concernant lors d\u2019une simple navigation sur notre site Internet, notamment : des informations concernant l\u2019utilisation de notre site, comme les zones que vous visitez et les services auxquels vous acc\u00e9dez, votre adresse IP, le type de votre navigateur, vos temps d&rsquo;acc\u00e8s. De telles informations sont utilis\u00e9es exclusivement \u00e0 des fins de statistiques internes, de mani\u00e8re \u00e0 am\u00e9liorer la qualit\u00e9 des services qui vous sont propos\u00e9s. Les bases de donn\u00e9es sont prot\u00e9g\u00e9es par les dispositions de la loi du 1er juillet 1998 transposant la directive 96\/9 du 11 mars 1996 relative \u00e0 la protection juridique des bases de donn\u00e9es.<\/p><\/div><\/div><\/div><\/div>\t\t\t\t\t\t<\/div>\n\t\t\t\t<\/div>\n\t\t\t\t\t<\/div>\n\t\t<\/div>\n\t\t\t\t\t\t\t<\/div>\n\t\t<\/section>\n\t\t\t\t\t\t<\/div>\n\t\t\t\t\t<\/div>\n\t\t","protected":false},"excerpt":{"rendered":"<p>Merci de lire avec attention les diff\u00e9rentes modalit\u00e9s d\u2019utilisation du pr\u00e9sent site avant d\u2019y parcourir ses pages. En vous connectant sur ce site, vous acceptez sans r\u00e9serves les pr\u00e9sentes modalit\u00e9s.\u00a0Aussi, conform\u00e9ment \u00e0 l\u2019article n\u00b06 de la Loi n\u00b02004-575 du 21 Juin 2004 pour la confiance dans l\u2019\u00e9conomie num\u00e9rique, les responsables du pr\u00e9sent site internet http:\/\/www.atelierarchelle.fr\u00a0sont [&hellip;]<\/p>\n","protected":false},"author":1,"featured_media":0,"parent":0,"menu_order":0,"comment_status":"closed","ping_status":"closed","template":"","meta":[],"_links":{"self":[{"href":"https:\/\/atelierarchelle.fr\/index.php\/wp-json\/wp\/v2\/pages\/670"}],"collection":[{"href":"https:\/\/atelierarchelle.fr\/index.php\/wp-json\/wp\/v2\/pages"}],"about":[{"href":"https:\/\/atelierarchelle.fr\/index.php\/wp-json\/wp\/v2\/types\/page"}],"author":[{"embeddable":true,"href":"https:\/\/atelierarchelle.fr\/index.php\/wp-json\/wp\/v2\/users\/1"}],"replies":[{"embeddable":true,"href":"https:\/\/atelierarchelle.fr\/index.php\/wp-json\/wp\/v2\/comments?post=670"}],"version-history":[{"count":4,"href":"https:\/\/atelierarchelle.fr\/index.php\/wp-json\/wp\/v2\/pages\/670\/revisions"}],"predecessor-version":[{"id":714,"href":"https:\/\/atelierarchelle.fr\/index.php\/wp-json\/wp\/v2\/pages\/670\/revisions\/714"}],"wp:attachment":[{"href":"https:\/\/atelierarchelle.fr\/index.php\/wp-json\/wp\/v2\/media?parent=670"}],"curies":[{"name":"wp","href":"https:\/\/api.w.org\/{rel}","templated":true}]}}